{"id":619,"date":"2020-12-08T12:03:47","date_gmt":"2020-12-08T12:03:47","guid":{"rendered":"https:\/\/monda.com\/?page_id=619"},"modified":"2020-12-08T12:03:47","modified_gmt":"2020-12-08T12:03:47","slug":"politique-de-confidentialite","status":"publish","type":"page","link":"https:\/\/monda.com\/fr\/politique-de-confidentialite\/","title":{"rendered":"Politique de confidentialit\u00e9"},"content":{"rendered":"<h3>Monda est une marque de Cepro International B.V.<\/h3>\n<div class=\"entry-content\">\n<p>Cepro International B.V., \u00e9tablie \u00e0 l\u2019adresse Parallelweg 38 NL-5121 LD RIJEN, est responsable du traitement de donn\u00e9es \u00e0 caract\u00e8re personnel tel que repris dans cette d\u00e9claration de confidentialit\u00e9.<\/p>\n<p>Donn\u00e9es de contact :<\/p>\n<p>www.cepro.eu<br \/>\nCepro International B.V.<br \/>\nParallelweg 38<br \/>\nNL-5121 LD RIJEN<br \/>\n+31 (0)161 22 64 72<\/p>\n<p>Marcel van Houten est le d\u00e9l\u00e9gu\u00e9 \u00e0 la protection des donn\u00e9es de Cepro International B.V. Il est joignable via m.vanhouten@cepro.eu.<\/p>\n<\/div>\n<h2>Les donn\u00e9es \u00e0 caract\u00e8re personnel que nous traitons<\/h2>\n<p>Cepro International B.V. traite vos donn\u00e9es \u00e0 caract\u00e8re personnel parce que vous utilisez nos services et\/ou nous fournissez vous-m\u00eame des services. Vous trouverez ci-dessous un aper\u00e7u des donn\u00e9es \u00e0 caract\u00e8re personnel que nous traitons :<\/p>\n<ul>\n<li>Pr\u00e9nom et nom de famille<\/li>\n<li>Coordonn\u00e9es<\/li>\n<li>Adresse \u00e9lectronique<\/li>\n<\/ul>\n<h2>Les donn\u00e9es \u00e0 caract\u00e8re personnel particuli\u00e8res et\/ou sensibles que nous traitons<\/h2>\n<p>Notre site web et\/ou service n\u2019a pas l\u2019intention de collecter des donn\u00e9es au sujet des visiteurs du site web qui ont moins de 16 ans, sauf s\u2019ils en ont l\u2019autorisation des parents ou du tuteur. Nous ne pouvons toutefois pas v\u00e9rifier qu\u2019un visiteur a plus de 16 ans. C\u2019est pourquoi nous conseillons aux parents de contr\u00f4ler les activit\u00e9s en ligne de leurs enfants, afin d\u2019emp\u00eacher que des donn\u00e9es concernant des enfants soient collect\u00e9es sans l\u2019autorisation parentale. Si vous \u00eates convaincu(e) que nous avons collect\u00e9 des donn\u00e9es \u00e0 caract\u00e8re personnel au sujet d\u2019un mineur, veuillez nous contacter via info@cepro.eu, et nous supprimerons ces informations.<\/p>\n<h2>Dans quel but et sur base de quel fondement traitons-nous des donn\u00e9es \u00e0 caract\u00e8re personnel ?<\/h2>\n<p>Cepro International B.V. traite vos donn\u00e9es \u00e0 caract\u00e8re personnel aux fins suivantes :<\/p>\n<ul>\n<li>Pour pouvoir vous t\u00e9l\u00e9phoner ou vous envoyer des e-mails si cela est n\u00e9cessaire pour pouvoir ex\u00e9cuter notre prestation de services<\/li>\n<\/ul>\n<h2>Processus de d\u00e9cision automatis\u00e9<\/h2>\n<p>Cepro International B.V. ne prend pas de d\u00e9cisions sur base d\u2019un traitement automatis\u00e9 en ce qui concerne des choses qui peuvent avoir des cons\u00e9quences (consid\u00e9rables) pour des personnes. Il s\u2019agit, dans ce cas-ci, de d\u00e9cisions qui sont prises par des programmes ou syst\u00e8mes informatiques, sans l\u2019intervention d\u2019un humain (par exemple, d\u2019un employ\u00e9 de Cepro International B.V.).<\/p>\n<p>Combien de temps conservons-nous des donn\u00e9es \u00e0 caract\u00e8re personnel ?<\/p>\n<p>Cepro International B.V. ne conserve pas vos donn\u00e9es \u00e0 caract\u00e8re personnel plus longtemps que strictement n\u00e9cessaire pour la r\u00e9alisation des objectifs pour lesquels vos donn\u00e9es sont collect\u00e9es.<\/p>\n<p>Partage de donn\u00e9es personnelles avec des tiers<\/p>\n<p>Cepro International B.V. fournit exclusivement des donn\u00e9es \u00e0 caract\u00e8re personnel \u00e0 des tiers, et exclusivement si cela est n\u00e9cessaire pour l\u2019ex\u00e9cution de notre contrat conclu avec vous ou pour remplir une obligation l\u00e9gale.<\/p>\n<h2>Les cookies, ou techniques comparables, que nous utilisons<\/h2>\n<p>Cepro International B.V. utilise uniquement des cookies techniques et fonctionnels, ainsi que des cookies analytiques qui ne portent pas atteinte \u00e0 votre vie priv\u00e9e. Un cookie est un petit fichier de texte qui est stock\u00e9 sur votre ordinateur, tablette ou smartphone lors de votre premi\u00e8re visite \u00e0 ce site web. Les cookies que nous utilisons sont indispensables pour le fonctionnement technique du site web et votre confort d\u2019utilisation. Ils contribuent au bon fonctionnement du site web et m\u00e9morisent vos param\u00e8tres de pr\u00e9f\u00e9rence, par exemple. Ils nous permettent \u00e9galement d\u2019optimaliser notre site web. Vous pouvez d\u00e9sactiver les cookies en programmant votre navigateur web de sorte qu\u2019il n\u2019enregistre plus de cookies. En outre, vous pouvez aussi supprimer toutes les informations qui ont \u00e9t\u00e9 enregistr\u00e9es pr\u00e9c\u00e9demment via les param\u00e8tres de votre navigateur.<\/p>\n<p>Des cookies sont \u00e9galement plac\u00e9s sur ce site web par des tiers. Ces tiers sont par exemple des annonceurs de publicit\u00e9 et\/ou des entreprises m\u00e9diatiques. Vous en trouverez un aper\u00e7u ci-dessous :<\/p>\n<p>Cookie : Google Analytics<br \/>\nNom : _utma<br \/>\nFonction : un cookie analytique qui tient \u00e0 jour les visites au site web<br \/>\nD\u00e9lai de conservation : 2 ans et 2 mois<\/p>\n<h2>Consulter, corriger ou supprimer des donn\u00e9es<\/h2>\n<p>Vous avez le droit de consulter, corriger ou supprimer vos donn\u00e9es \u00e0 caract\u00e8re personnel. Par ailleurs, vous avez le droit de retirer votre autorisation \u00e9ventuelle concernant le traitement de donn\u00e9es, ou faire objection au traitement de vos donn\u00e9es \u00e0 caract\u00e8re personnel par Cepro International B.V., et vous avez droit \u00e0 la cessibilit\u00e9 des donn\u00e9es. Cela signifie que vous pouvez introduire une demande aupr\u00e8s de nous afin que nous envoyions, \u00e0 vous-m\u00eame ou une autre organisation, dont vous nous indiquerez le nom, les donn\u00e9es \u00e0 caract\u00e8re personnel \u00e0 votre sujet dont nous disposons dans un fichier informatique. Vous pouvez envoyer une demande de consultation, correction, suppression ou cession de vos donn\u00e9es \u00e0 caract\u00e8re personnel, ou une demande de retrait de votre autorisation, ou encore \u00e9mettre une objection \u00e0 l\u2019encontre du traitement de vos donn\u00e9es \u00e0 caract\u00e8re personnel et l\u2019envoyer \u00e0 m.vanhouten@cepro.eu. Pour nous assurer que c\u2019est bien vous qui avez introduit la demande de consultation, nous vous demandons d\u2019envoyer avec cette demande une copie de votre document d\u2019identit\u00e9. Sur cette copie, veuillez noircir votre photo d\u2019identit\u00e9, la MRZ (zone lisible par machine, soit la bande de chiffres en bas du passeport), le num\u00e9ro du passeport et le num\u00e9ro de s\u00e9curit\u00e9 sociale (BSN). Cela renforce la protection de votre vie priv\u00e9e. Nous r\u00e9pondrons \u00e0 votre demande le plus rapidement possible, mais au plus tard dans un d\u00e9lai de quatre semaines. Cepro International B.V aimerait \u00e9galement attirer votre attention sur la possibilit\u00e9 d\u2019introduire une r\u00e9clamation aupr\u00e8s de l\u2019organisme de contr\u00f4le national suivant : la Commission pour la protection des donn\u00e9es personnelles [Autoriteit Persoonsgegevens]. Pour ce faire, cliquez sur le lien suivant : https:\/\/autoriteitpersoonsgegevens.nl\/nl\/contact-met-de-autoriteit-persoonsgegevens\/tip-ons.<\/p>\n<h2>Comment prot\u00e9geons-nous vos donn\u00e9es \u00e0 caract\u00e8re personnel ?<\/h2>\n<p>Cepro International B.V. prend la protection de vos donn\u00e9es au s\u00e9rieux, et adopte les mesures requises pour lutter contre tout abus, perte, acc\u00e8s interdit, publication ind\u00e9sirable et modification interdite. Si vous avez l\u2019impression que vos donn\u00e9es ne sont pas ad\u00e9quatement prot\u00e9g\u00e9es ou si vous soup\u00e7onnez un abus, veuillez contacter Marcel van Houten ou lui envoyer un e-mail via m.vanhouten@cepro.eu.<\/p>\n","protected":false},"excerpt":{"rendered":"<p>Monda est une marque de Cepro International B.V. Cepro International B.V., \u00e9tablie \u00e0 l\u2019adresse Parallelweg 38 NL-5121 LD RIJEN, est responsable du traitement de donn\u00e9es \u00e0 caract\u00e8re personnel tel que repris dans cette d\u00e9claration de confidentialit\u00e9. Donn\u00e9es de contact : www.cepro.eu Cepro International B.V. Parallelweg 38 NL-5121 LD RIJEN +31 (0)161 22 64 72 Marcel [&hellip;]<\/p>\n","protected":false},"author":1,"featured_media":0,"parent":0,"menu_order":0,"comment_status":"closed","ping_status":"closed","template":"","meta":{"footnotes":""},"class_list":["post-619","page","type-page","status-publish","hentry"],"yoast_head":"<!-- This site is optimized with the Yoast SEO plugin v24.3 - https:\/\/yoast.com\/wordpress\/plugins\/seo\/ -->\n<title>Politique de confidentialit\u00e9 - Monda<\/title>\n<meta name=\"robots\" content=\"index, follow, max-snippet:-1, max-image-preview:large, max-video-preview:-1\" \/>\n<link rel=\"canonical\" href=\"https:\/\/monda.com\/fr\/politique-de-confidentialite\/\" \/>\n<meta property=\"og:locale\" content=\"fr_FR\" \/>\n<meta property=\"og:type\" content=\"article\" \/>\n<meta property=\"og:title\" content=\"Politique de confidentialit\u00e9 - Monda\" \/>\n<meta property=\"og:description\" content=\"Monda est une marque de Cepro International B.V. Cepro International B.V., \u00e9tablie \u00e0 l\u2019adresse Parallelweg 38 NL-5121 LD RIJEN, est responsable du traitement de donn\u00e9es \u00e0 caract\u00e8re personnel tel que repris dans cette d\u00e9claration de confidentialit\u00e9. Donn\u00e9es de contact : www.cepro.eu Cepro International B.V. Parallelweg 38 NL-5121 LD RIJEN +31 (0)161 22 64 72 Marcel [&hellip;]\" \/>\n<meta property=\"og:url\" content=\"https:\/\/monda.com\/fr\/politique-de-confidentialite\/\" \/>\n<meta property=\"og:site_name\" content=\"Monda\" \/>\n<meta name=\"twitter:card\" content=\"summary_large_image\" \/>\n<meta name=\"twitter:label1\" content=\"Dur\u00e9e de lecture estim\u00e9e\" \/>\n\t<meta name=\"twitter:data1\" content=\"5 minutes\" \/>\n<script type=\"application\/ld+json\" class=\"yoast-schema-graph\">{\"@context\":\"https:\/\/schema.org\",\"@graph\":[{\"@type\":\"WebPage\",\"@id\":\"https:\/\/monda.com\/fr\/politique-de-confidentialite\/\",\"url\":\"https:\/\/monda.com\/fr\/politique-de-confidentialite\/\",\"name\":\"Politique de confidentialit\u00e9 - Monda\",\"isPartOf\":{\"@id\":\"https:\/\/monda.com\/fr\/#website\"},\"datePublished\":\"2020-12-08T12:03:47+00:00\",\"dateModified\":\"2020-12-08T12:03:47+00:00\",\"breadcrumb\":{\"@id\":\"https:\/\/monda.com\/fr\/politique-de-confidentialite\/#breadcrumb\"},\"inLanguage\":\"fr-FR\",\"potentialAction\":[{\"@type\":\"ReadAction\",\"target\":[\"https:\/\/monda.com\/fr\/politique-de-confidentialite\/\"]}]},{\"@type\":\"BreadcrumbList\",\"@id\":\"https:\/\/monda.com\/fr\/politique-de-confidentialite\/#breadcrumb\",\"itemListElement\":[{\"@type\":\"ListItem\",\"position\":1,\"name\":\"Home\",\"item\":\"https:\/\/monda.com\/fr\/\"},{\"@type\":\"ListItem\",\"position\":2,\"name\":\"Politique de confidentialit\u00e9\"}]},{\"@type\":\"WebSite\",\"@id\":\"https:\/\/monda.com\/fr\/#website\",\"url\":\"https:\/\/monda.com\/fr\/\",\"name\":\"Monda\",\"description\":\"Welding protection supplies\",\"publisher\":{\"@id\":\"https:\/\/monda.com\/fr\/#organization\"},\"potentialAction\":[{\"@type\":\"SearchAction\",\"target\":{\"@type\":\"EntryPoint\",\"urlTemplate\":\"https:\/\/monda.com\/fr\/?s={search_term_string}\"},\"query-input\":{\"@type\":\"PropertyValueSpecification\",\"valueRequired\":true,\"valueName\":\"search_term_string\"}}],\"inLanguage\":\"fr-FR\"},{\"@type\":\"Organization\",\"@id\":\"https:\/\/monda.com\/fr\/#organization\",\"name\":\"Monda\",\"url\":\"https:\/\/monda.com\/fr\/\",\"logo\":{\"@type\":\"ImageObject\",\"inLanguage\":\"fr-FR\",\"@id\":\"https:\/\/monda.com\/fr\/#\/schema\/logo\/image\/\",\"url\":\"https:\/\/monda.com\/wp-content\/uploads\/2020\/09\/LOG-MONDA-FC-def-3-kleuren.png\",\"contentUrl\":\"https:\/\/monda.com\/wp-content\/uploads\/2020\/09\/LOG-MONDA-FC-def-3-kleuren.png\",\"width\":2202,\"height\":500,\"caption\":\"Monda\"},\"image\":{\"@id\":\"https:\/\/monda.com\/fr\/#\/schema\/logo\/image\/\"}}]}<\/script>\n<!-- \/ Yoast SEO plugin. -->","yoast_head_json":{"title":"Politique de confidentialit\u00e9 - Monda","robots":{"index":"index","follow":"follow","max-snippet":"max-snippet:-1","max-image-preview":"max-image-preview:large","max-video-preview":"max-video-preview:-1"},"canonical":"https:\/\/monda.com\/fr\/politique-de-confidentialite\/","og_locale":"fr_FR","og_type":"article","og_title":"Politique de confidentialit\u00e9 - Monda","og_description":"Monda est une marque de Cepro International B.V. Cepro International B.V., \u00e9tablie \u00e0 l\u2019adresse Parallelweg 38 NL-5121 LD RIJEN, est responsable du traitement de donn\u00e9es \u00e0 caract\u00e8re personnel tel que repris dans cette d\u00e9claration de confidentialit\u00e9. Donn\u00e9es de contact : www.cepro.eu Cepro International B.V. Parallelweg 38 NL-5121 LD RIJEN +31 (0)161 22 64 72 Marcel [&hellip;]","og_url":"https:\/\/monda.com\/fr\/politique-de-confidentialite\/","og_site_name":"Monda","twitter_card":"summary_large_image","twitter_misc":{"Dur\u00e9e de lecture estim\u00e9e":"5 minutes"},"schema":{"@context":"https:\/\/schema.org","@graph":[{"@type":"WebPage","@id":"https:\/\/monda.com\/fr\/politique-de-confidentialite\/","url":"https:\/\/monda.com\/fr\/politique-de-confidentialite\/","name":"Politique de confidentialit\u00e9 - Monda","isPartOf":{"@id":"https:\/\/monda.com\/fr\/#website"},"datePublished":"2020-12-08T12:03:47+00:00","dateModified":"2020-12-08T12:03:47+00:00","breadcrumb":{"@id":"https:\/\/monda.com\/fr\/politique-de-confidentialite\/#breadcrumb"},"inLanguage":"fr-FR","potentialAction":[{"@type":"ReadAction","target":["https:\/\/monda.com\/fr\/politique-de-confidentialite\/"]}]},{"@type":"BreadcrumbList","@id":"https:\/\/monda.com\/fr\/politique-de-confidentialite\/#breadcrumb","itemListElement":[{"@type":"ListItem","position":1,"name":"Home","item":"https:\/\/monda.com\/fr\/"},{"@type":"ListItem","position":2,"name":"Politique de confidentialit\u00e9"}]},{"@type":"WebSite","@id":"https:\/\/monda.com\/fr\/#website","url":"https:\/\/monda.com\/fr\/","name":"Monda","description":"Welding protection supplies","publisher":{"@id":"https:\/\/monda.com\/fr\/#organization"},"potentialAction":[{"@type":"SearchAction","target":{"@type":"EntryPoint","urlTemplate":"https:\/\/monda.com\/fr\/?s={search_term_string}"},"query-input":{"@type":"PropertyValueSpecification","valueRequired":true,"valueName":"search_term_string"}}],"inLanguage":"fr-FR"},{"@type":"Organization","@id":"https:\/\/monda.com\/fr\/#organization","name":"Monda","url":"https:\/\/monda.com\/fr\/","logo":{"@type":"ImageObject","inLanguage":"fr-FR","@id":"https:\/\/monda.com\/fr\/#\/schema\/logo\/image\/","url":"https:\/\/monda.com\/wp-content\/uploads\/2020\/09\/LOG-MONDA-FC-def-3-kleuren.png","contentUrl":"https:\/\/monda.com\/wp-content\/uploads\/2020\/09\/LOG-MONDA-FC-def-3-kleuren.png","width":2202,"height":500,"caption":"Monda"},"image":{"@id":"https:\/\/monda.com\/fr\/#\/schema\/logo\/image\/"}}]}},"_links":{"self":[{"href":"https:\/\/monda.com\/fr\/wp-json\/wp\/v2\/pages\/619","targetHints":{"allow":["GET"]}}],"collection":[{"href":"https:\/\/monda.com\/fr\/wp-json\/wp\/v2\/pages"}],"about":[{"href":"https:\/\/monda.com\/fr\/wp-json\/wp\/v2\/types\/page"}],"author":[{"embeddable":true,"href":"https:\/\/monda.com\/fr\/wp-json\/wp\/v2\/users\/1"}],"replies":[{"embeddable":true,"href":"https:\/\/monda.com\/fr\/wp-json\/wp\/v2\/comments?post=619"}],"version-history":[{"count":2,"href":"https:\/\/monda.com\/fr\/wp-json\/wp\/v2\/pages\/619\/revisions"}],"predecessor-version":[{"id":621,"href":"https:\/\/monda.com\/fr\/wp-json\/wp\/v2\/pages\/619\/revisions\/621"}],"wp:attachment":[{"href":"https:\/\/monda.com\/fr\/wp-json\/wp\/v2\/media?parent=619"}],"curies":[{"name":"wp","href":"https:\/\/api.w.org\/{rel}","templated":true}]}}