{"id":588,"date":"2020-09-29T09:11:06","date_gmt":"2020-09-29T09:11:06","guid":{"rendered":"https:\/\/monda.com\/product\/non%20class\u00e9\/monda-toile-soudure-heavy-duty-100-x-200-cm\/"},"modified":"2020-12-03T16:07:26","modified_gmt":"2020-12-03T16:07:26","slug":"monda-toile-soudure-heavy-duty-100-x-200-cm","status":"publish","type":"product","link":"https:\/\/monda.com\/fr\/product\/welding-blanket-fr\/monda-toile-soudure-heavy-duty-100-x-200-cm\/","title":{"rendered":"MONDA toile soudure Heavy Duty 100 x 200 cm"},"content":{"rendered":"<p>CLASSEMENT A2, s2, d0 CONFORME NORME EN 13501-1<\/p>\n<ul>\n<li>Fibre de verre (textur\u00e9e)<\/li>\n<li>Enduction graphite + PU 2 c\u00f4tes<\/li>\n<li>R\u00e9sistance 700\u00b0C<\/li>\n<li>En pointe \u00b1 900\u00b0C<\/li>\n<li>Utilisation pour protection horizontale<\/li>\n<li>Poids 1.100 gram\/m\u00b2.<\/li>\n<\/ul>\n","protected":false},"excerpt":{"rendered":"<p>CLASSEMENT A2, s2, d0 CONFORME NORME EN 13501-1 Fibre de verre (textur\u00e9e) Enduction graphite + PU 2 c\u00f4tes R\u00e9sistance 700\u00b0C En pointe \u00b1 900\u00b0C Utilisation pour protection horizontale Poids 1.100 gram\/m\u00b2.<\/p>\n","protected":false},"featured_media":294,"template":"","meta":[],"product_brand":[],"product_cat":[54],"product_tag":[],"class_list":{"0":"post-588","1":"product","2":"type-product","3":"status-publish","4":"has-post-thumbnail","6":"product_cat-welding-blanket-fr","8":"first","9":"instock","10":"shipping-taxable","11":"purchasable","12":"product-type-simple"},"yoast_head":"<!-- This site is optimized with the Yoast SEO plugin v24.3 - https:\/\/yoast.com\/wordpress\/plugins\/seo\/ -->\n<title>MONDA toile soudure Heavy Duty 100 x 200 cm - Monda<\/title>\n<meta name=\"robots\" content=\"index, follow, max-snippet:-1, max-image-preview:large, max-video-preview:-1\" \/>\n<link rel=\"canonical\" href=\"https:\/\/monda.com\/fr\/product\/welding-blanket-fr\/monda-toile-soudure-heavy-duty-100-x-200-cm\/\" \/>\n<meta property=\"og:locale\" content=\"fr_FR\" \/>\n<meta property=\"og:type\" content=\"article\" \/>\n<meta property=\"og:title\" content=\"MONDA toile soudure Heavy Duty 100 x 200 cm - Monda\" \/>\n<meta property=\"og:description\" content=\"CLASSEMENT A2, s2, d0 CONFORME NORME EN 13501-1 Fibre de verre (textur\u00e9e) Enduction graphite + PU 2 c\u00f4tes R\u00e9sistance 700\u00b0C En pointe \u00b1 900\u00b0C Utilisation pour protection horizontale Poids 1.100 gram\/m\u00b2.\" \/>\n<meta property=\"og:url\" content=\"https:\/\/monda.com\/fr\/product\/welding-blanket-fr\/monda-toile-soudure-heavy-duty-100-x-200-cm\/\" \/>\n<meta property=\"og:site_name\" content=\"Monda\" \/>\n<meta property=\"article:modified_time\" content=\"2020-12-03T16:07:26+00:00\" \/>\n<meta property=\"og:image\" content=\"https:\/\/monda.com\/wp-content\/uploads\/2020\/09\/56.53.82-Thetis-web.jpg\" \/>\n\t<meta property=\"og:image:width\" content=\"378\" \/>\n\t<meta property=\"og:image:height\" content=\"283\" \/>\n\t<meta property=\"og:image:type\" content=\"image\/jpeg\" \/>\n<meta name=\"twitter:card\" content=\"summary_large_image\" \/>\n<script type=\"application\/ld+json\" class=\"yoast-schema-graph\">{\"@context\":\"https:\/\/schema.org\",\"@graph\":[{\"@type\":\"WebPage\",\"@id\":\"https:\/\/monda.com\/fr\/product\/welding-blanket-fr\/monda-toile-soudure-heavy-duty-100-x-200-cm\/\",\"url\":\"https:\/\/monda.com\/fr\/product\/welding-blanket-fr\/monda-toile-soudure-heavy-duty-100-x-200-cm\/\",\"name\":\"MONDA toile soudure Heavy Duty 100 x 200 cm - Monda\",\"isPartOf\":{\"@id\":\"https:\/\/monda.com\/fr\/#website\"},\"primaryImageOfPage\":{\"@id\":\"https:\/\/monda.com\/fr\/product\/welding-blanket-fr\/monda-toile-soudure-heavy-duty-100-x-200-cm\/#primaryimage\"},\"image\":{\"@id\":\"https:\/\/monda.com\/fr\/product\/welding-blanket-fr\/monda-toile-soudure-heavy-duty-100-x-200-cm\/#primaryimage\"},\"thumbnailUrl\":\"https:\/\/monda.com\/wp-content\/uploads\/2020\/09\/56.53.82-Thetis-web.jpg\",\"datePublished\":\"2020-09-29T09:11:06+00:00\",\"dateModified\":\"2020-12-03T16:07:26+00:00\",\"breadcrumb\":{\"@id\":\"https:\/\/monda.com\/fr\/product\/welding-blanket-fr\/monda-toile-soudure-heavy-duty-100-x-200-cm\/#breadcrumb\"},\"inLanguage\":\"fr-FR\",\"potentialAction\":[{\"@type\":\"ReadAction\",\"target\":[\"https:\/\/monda.com\/fr\/product\/welding-blanket-fr\/monda-toile-soudure-heavy-duty-100-x-200-cm\/\"]}]},{\"@type\":\"ImageObject\",\"inLanguage\":\"fr-FR\",\"@id\":\"https:\/\/monda.com\/fr\/product\/welding-blanket-fr\/monda-toile-soudure-heavy-duty-100-x-200-cm\/#primaryimage\",\"url\":\"https:\/\/monda.com\/wp-content\/uploads\/2020\/09\/56.53.82-Thetis-web.jpg\",\"contentUrl\":\"https:\/\/monda.com\/wp-content\/uploads\/2020\/09\/56.53.82-Thetis-web.jpg\",\"width\":378,\"height\":283},{\"@type\":\"BreadcrumbList\",\"@id\":\"https:\/\/monda.com\/fr\/product\/welding-blanket-fr\/monda-toile-soudure-heavy-duty-100-x-200-cm\/#breadcrumb\",\"itemListElement\":[{\"@type\":\"ListItem\",\"position\":1,\"name\":\"Home\",\"item\":\"https:\/\/monda.com\/fr\/\"},{\"@type\":\"ListItem\",\"position\":2,\"name\":\"Boutique\",\"item\":\"https:\/\/monda.com\/fr\/\"},{\"@type\":\"ListItem\",\"position\":3,\"name\":\"MONDA toile soudure Heavy Duty 100 x 200 cm\"}]},{\"@type\":\"WebSite\",\"@id\":\"https:\/\/monda.com\/fr\/#website\",\"url\":\"https:\/\/monda.com\/fr\/\",\"name\":\"Monda\",\"description\":\"Welding protection supplies\",\"publisher\":{\"@id\":\"https:\/\/monda.com\/fr\/#organization\"},\"potentialAction\":[{\"@type\":\"SearchAction\",\"target\":{\"@type\":\"EntryPoint\",\"urlTemplate\":\"https:\/\/monda.com\/fr\/?s={search_term_string}\"},\"query-input\":{\"@type\":\"PropertyValueSpecification\",\"valueRequired\":true,\"valueName\":\"search_term_string\"}}],\"inLanguage\":\"fr-FR\"},{\"@type\":\"Organization\",\"@id\":\"https:\/\/monda.com\/fr\/#organization\",\"name\":\"Monda\",\"url\":\"https:\/\/monda.com\/fr\/\",\"logo\":{\"@type\":\"ImageObject\",\"inLanguage\":\"fr-FR\",\"@id\":\"https:\/\/monda.com\/fr\/#\/schema\/logo\/image\/\",\"url\":\"https:\/\/monda.com\/wp-content\/uploads\/2020\/09\/LOG-MONDA-FC-def-3-kleuren.png\",\"contentUrl\":\"https:\/\/monda.com\/wp-content\/uploads\/2020\/09\/LOG-MONDA-FC-def-3-kleuren.png\",\"width\":2202,\"height\":500,\"caption\":\"Monda\"},\"image\":{\"@id\":\"https:\/\/monda.com\/fr\/#\/schema\/logo\/image\/\"}}]}<\/script>\n<!-- \/ Yoast SEO plugin. -->","yoast_head_json":{"title":"MONDA toile soudure Heavy Duty 100 x 200 cm - Monda","robots":{"index":"index","follow":"follow","max-snippet":"max-snippet:-1","max-image-preview":"max-image-preview:large","max-video-preview":"max-video-preview:-1"},"canonical":"https:\/\/monda.com\/fr\/product\/welding-blanket-fr\/monda-toile-soudure-heavy-duty-100-x-200-cm\/","og_locale":"fr_FR","og_type":"article","og_title":"MONDA toile soudure Heavy Duty 100 x 200 cm - Monda","og_description":"CLASSEMENT A2, s2, d0 CONFORME NORME EN 13501-1 Fibre de verre (textur\u00e9e) Enduction graphite + PU 2 c\u00f4tes R\u00e9sistance 700\u00b0C En pointe \u00b1 900\u00b0C Utilisation pour protection horizontale Poids 1.100 gram\/m\u00b2.","og_url":"https:\/\/monda.com\/fr\/product\/welding-blanket-fr\/monda-toile-soudure-heavy-duty-100-x-200-cm\/","og_site_name":"Monda","article_modified_time":"2020-12-03T16:07:26+00:00","og_image":[{"width":378,"height":283,"url":"https:\/\/monda.com\/wp-content\/uploads\/2020\/09\/56.53.82-Thetis-web.jpg","type":"image\/jpeg"}],"twitter_card":"summary_large_image","schema":{"@context":"https:\/\/schema.org","@graph":[{"@type":"WebPage","@id":"https:\/\/monda.com\/fr\/product\/welding-blanket-fr\/monda-toile-soudure-heavy-duty-100-x-200-cm\/","url":"https:\/\/monda.com\/fr\/product\/welding-blanket-fr\/monda-toile-soudure-heavy-duty-100-x-200-cm\/","name":"MONDA toile soudure Heavy Duty 100 x 200 cm - Monda","isPartOf":{"@id":"https:\/\/monda.com\/fr\/#website"},"primaryImageOfPage":{"@id":"https:\/\/monda.com\/fr\/product\/welding-blanket-fr\/monda-toile-soudure-heavy-duty-100-x-200-cm\/#primaryimage"},"image":{"@id":"https:\/\/monda.com\/fr\/product\/welding-blanket-fr\/monda-toile-soudure-heavy-duty-100-x-200-cm\/#primaryimage"},"thumbnailUrl":"https:\/\/monda.com\/wp-content\/uploads\/2020\/09\/56.53.82-Thetis-web.jpg","datePublished":"2020-09-29T09:11:06+00:00","dateModified":"2020-12-03T16:07:26+00:00","breadcrumb":{"@id":"https:\/\/monda.com\/fr\/product\/welding-blanket-fr\/monda-toile-soudure-heavy-duty-100-x-200-cm\/#breadcrumb"},"inLanguage":"fr-FR","potentialAction":[{"@type":"ReadAction","target":["https:\/\/monda.com\/fr\/product\/welding-blanket-fr\/monda-toile-soudure-heavy-duty-100-x-200-cm\/"]}]},{"@type":"ImageObject","inLanguage":"fr-FR","@id":"https:\/\/monda.com\/fr\/product\/welding-blanket-fr\/monda-toile-soudure-heavy-duty-100-x-200-cm\/#primaryimage","url":"https:\/\/monda.com\/wp-content\/uploads\/2020\/09\/56.53.82-Thetis-web.jpg","contentUrl":"https:\/\/monda.com\/wp-content\/uploads\/2020\/09\/56.53.82-Thetis-web.jpg","width":378,"height":283},{"@type":"BreadcrumbList","@id":"https:\/\/monda.com\/fr\/product\/welding-blanket-fr\/monda-toile-soudure-heavy-duty-100-x-200-cm\/#breadcrumb","itemListElement":[{"@type":"ListItem","position":1,"name":"Home","item":"https:\/\/monda.com\/fr\/"},{"@type":"ListItem","position":2,"name":"Boutique","item":"https:\/\/monda.com\/fr\/"},{"@type":"ListItem","position":3,"name":"MONDA toile soudure Heavy Duty 100 x 200 cm"}]},{"@type":"WebSite","@id":"https:\/\/monda.com\/fr\/#website","url":"https:\/\/monda.com\/fr\/","name":"Monda","description":"Welding protection supplies","publisher":{"@id":"https:\/\/monda.com\/fr\/#organization"},"potentialAction":[{"@type":"SearchAction","target":{"@type":"EntryPoint","urlTemplate":"https:\/\/monda.com\/fr\/?s={search_term_string}"},"query-input":{"@type":"PropertyValueSpecification","valueRequired":true,"valueName":"search_term_string"}}],"inLanguage":"fr-FR"},{"@type":"Organization","@id":"https:\/\/monda.com\/fr\/#organization","name":"Monda","url":"https:\/\/monda.com\/fr\/","logo":{"@type":"ImageObject","inLanguage":"fr-FR","@id":"https:\/\/monda.com\/fr\/#\/schema\/logo\/image\/","url":"https:\/\/monda.com\/wp-content\/uploads\/2020\/09\/LOG-MONDA-FC-def-3-kleuren.png","contentUrl":"https:\/\/monda.com\/wp-content\/uploads\/2020\/09\/LOG-MONDA-FC-def-3-kleuren.png","width":2202,"height":500,"caption":"Monda"},"image":{"@id":"https:\/\/monda.com\/fr\/#\/schema\/logo\/image\/"}}]}},"_links":{"self":[{"href":"https:\/\/monda.com\/fr\/wp-json\/wp\/v2\/product\/588","targetHints":{"allow":["GET"]}}],"collection":[{"href":"https:\/\/monda.com\/fr\/wp-json\/wp\/v2\/product"}],"about":[{"href":"https:\/\/monda.com\/fr\/wp-json\/wp\/v2\/types\/product"}],"wp:featuredmedia":[{"embeddable":true,"href":"https:\/\/monda.com\/fr\/wp-json\/wp\/v2\/media\/294"}],"wp:attachment":[{"href":"https:\/\/monda.com\/fr\/wp-json\/wp\/v2\/media?parent=588"}],"wp:term":[{"taxonomy":"product_brand","embeddable":true,"href":"https:\/\/monda.com\/fr\/wp-json\/wp\/v2\/product_brand?post=588"},{"taxonomy":"product_cat","embeddable":true,"href":"https:\/\/monda.com\/fr\/wp-json\/wp\/v2\/product_cat?post=588"},{"taxonomy":"product_tag","embeddable":true,"href":"https:\/\/monda.com\/fr\/wp-json\/wp\/v2\/product_tag?post=588"}],"curies":[{"name":"wp","href":"https:\/\/api.w.org\/{rel}","templated":true}]}}