{"id":593,"date":"2020-09-29T08:38:01","date_gmt":"2020-09-29T08:38:01","guid":{"rendered":"https:\/\/monda.com\/product\/non%20class\u00e9\/monda-ecran-de-soudure-green-200-x-200-cm\/"},"modified":"2021-01-12T10:33:35","modified_gmt":"2021-01-12T10:33:35","slug":"monda-ecran-de-soudure-green-200-x-200-cm","status":"publish","type":"product","link":"https:\/\/monda.com\/fr\/product\/welding-screen-fr\/monda-ecran-de-soudure-green-200-x-200-cm\/","title":{"rendered":"MONDA \u00e9cran de soudure Green, 200 x 200 cm"},"content":{"rendered":"<p>\u00c9cran de soudure pour prot\u00e9ger contre les rayonnements \u00e9mis par l\u2019arc de soudure et les \u00e9tincelles.<\/p>\n<p>\u25cf Hauteur standard 200cm<br \/>\n\u25cf Largeur standard 200cm<br \/>\n\u25cf Rideau avec ourlet ouvert sur les largeurs sup\u00e9rieures et inf\u00e9rieures<br \/>\n\u25cf Muni d\u2019un rideau tendu<br \/>\n\u25cf Hauteur des rideaux 176 cm<br \/>\n\u25cf Tube rond 25 x 1 mm<\/p>\n","protected":false},"excerpt":{"rendered":"<p>\u00c9cran de soudure pour prot\u00e9ger contre les rayonnements \u00e9mis par l\u2019arc de soudure et les \u00e9tincelles. \u25cf Hauteur standard 200cm \u25cf Largeur standard 200cm \u25cf Rideau avec ourlet ouvert sur les largeurs sup\u00e9rieures et inf\u00e9rieures \u25cf Muni d\u2019un rideau tendu \u25cf Hauteur des rideaux 176 cm \u25cf Tube rond 25 x 1 mm<\/p>\n","protected":false},"featured_media":441,"template":"","meta":[],"product_brand":[],"product_cat":[60],"product_tag":[],"class_list":{"0":"post-593","1":"product","2":"type-product","3":"status-publish","4":"has-post-thumbnail","6":"product_cat-welding-screen-fr","8":"first","9":"instock","10":"shipping-taxable","11":"purchasable","12":"product-type-simple"},"yoast_head":"<!-- This site is optimized with the Yoast SEO plugin v24.3 - https:\/\/yoast.com\/wordpress\/plugins\/seo\/ -->\n<title>MONDA \u00e9cran de soudure Green, 200 x 200 cm - Monda<\/title>\n<meta name=\"robots\" content=\"index, follow, max-snippet:-1, max-image-preview:large, max-video-preview:-1\" \/>\n<link rel=\"canonical\" href=\"https:\/\/monda.com\/fr\/product\/welding-screen-fr\/monda-ecran-de-soudure-green-200-x-200-cm\/\" \/>\n<meta property=\"og:locale\" content=\"fr_FR\" \/>\n<meta property=\"og:type\" content=\"article\" \/>\n<meta property=\"og:title\" content=\"MONDA \u00e9cran de soudure Green, 200 x 200 cm - Monda\" \/>\n<meta property=\"og:description\" content=\"\u00c9cran de soudure pour prot\u00e9ger contre les rayonnements \u00e9mis par l\u2019arc de soudure et les \u00e9tincelles. \u25cf Hauteur standard 200cm \u25cf Largeur standard 200cm \u25cf Rideau avec ourlet ouvert sur les largeurs sup\u00e9rieures et inf\u00e9rieures \u25cf Muni d\u2019un rideau tendu \u25cf Hauteur des rideaux 176 cm \u25cf Tube rond 25 x 1 mm\" \/>\n<meta property=\"og:url\" content=\"https:\/\/monda.com\/fr\/product\/welding-screen-fr\/monda-ecran-de-soudure-green-200-x-200-cm\/\" \/>\n<meta property=\"og:site_name\" content=\"Monda\" \/>\n<meta property=\"article:modified_time\" content=\"2021-01-12T10:33:35+00:00\" \/>\n<meta property=\"og:image\" content=\"https:\/\/monda.com\/wp-content\/uploads\/2020\/09\/Gazelle-Green-6.jpg\" \/>\n\t<meta property=\"og:image:width\" content=\"600\" \/>\n\t<meta property=\"og:image:height\" content=\"450\" \/>\n\t<meta property=\"og:image:type\" content=\"image\/jpeg\" \/>\n<meta name=\"twitter:card\" content=\"summary_large_image\" \/>\n<script type=\"application\/ld+json\" class=\"yoast-schema-graph\">{\"@context\":\"https:\/\/schema.org\",\"@graph\":[{\"@type\":\"WebPage\",\"@id\":\"https:\/\/monda.com\/fr\/product\/welding-screen-fr\/monda-ecran-de-soudure-green-200-x-200-cm\/\",\"url\":\"https:\/\/monda.com\/fr\/product\/welding-screen-fr\/monda-ecran-de-soudure-green-200-x-200-cm\/\",\"name\":\"MONDA \u00e9cran de soudure Green, 200 x 200 cm - Monda\",\"isPartOf\":{\"@id\":\"https:\/\/monda.com\/fr\/#website\"},\"primaryImageOfPage\":{\"@id\":\"https:\/\/monda.com\/fr\/product\/welding-screen-fr\/monda-ecran-de-soudure-green-200-x-200-cm\/#primaryimage\"},\"image\":{\"@id\":\"https:\/\/monda.com\/fr\/product\/welding-screen-fr\/monda-ecran-de-soudure-green-200-x-200-cm\/#primaryimage\"},\"thumbnailUrl\":\"https:\/\/monda.com\/wp-content\/uploads\/2020\/09\/Gazelle-Green-6.jpg\",\"datePublished\":\"2020-09-29T08:38:01+00:00\",\"dateModified\":\"2021-01-12T10:33:35+00:00\",\"breadcrumb\":{\"@id\":\"https:\/\/monda.com\/fr\/product\/welding-screen-fr\/monda-ecran-de-soudure-green-200-x-200-cm\/#breadcrumb\"},\"inLanguage\":\"fr-FR\",\"potentialAction\":[{\"@type\":\"ReadAction\",\"target\":[\"https:\/\/monda.com\/fr\/product\/welding-screen-fr\/monda-ecran-de-soudure-green-200-x-200-cm\/\"]}]},{\"@type\":\"ImageObject\",\"inLanguage\":\"fr-FR\",\"@id\":\"https:\/\/monda.com\/fr\/product\/welding-screen-fr\/monda-ecran-de-soudure-green-200-x-200-cm\/#primaryimage\",\"url\":\"https:\/\/monda.com\/wp-content\/uploads\/2020\/09\/Gazelle-Green-6.jpg\",\"contentUrl\":\"https:\/\/monda.com\/wp-content\/uploads\/2020\/09\/Gazelle-Green-6.jpg\",\"width\":600,\"height\":450},{\"@type\":\"BreadcrumbList\",\"@id\":\"https:\/\/monda.com\/fr\/product\/welding-screen-fr\/monda-ecran-de-soudure-green-200-x-200-cm\/#breadcrumb\",\"itemListElement\":[{\"@type\":\"ListItem\",\"position\":1,\"name\":\"Home\",\"item\":\"https:\/\/monda.com\/fr\/\"},{\"@type\":\"ListItem\",\"position\":2,\"name\":\"Boutique\",\"item\":\"https:\/\/monda.com\/fr\/\"},{\"@type\":\"ListItem\",\"position\":3,\"name\":\"MONDA \u00e9cran de soudure Green, 200 x 200 cm\"}]},{\"@type\":\"WebSite\",\"@id\":\"https:\/\/monda.com\/fr\/#website\",\"url\":\"https:\/\/monda.com\/fr\/\",\"name\":\"Monda\",\"description\":\"Welding protection supplies\",\"publisher\":{\"@id\":\"https:\/\/monda.com\/fr\/#organization\"},\"potentialAction\":[{\"@type\":\"SearchAction\",\"target\":{\"@type\":\"EntryPoint\",\"urlTemplate\":\"https:\/\/monda.com\/fr\/?s={search_term_string}\"},\"query-input\":{\"@type\":\"PropertyValueSpecification\",\"valueRequired\":true,\"valueName\":\"search_term_string\"}}],\"inLanguage\":\"fr-FR\"},{\"@type\":\"Organization\",\"@id\":\"https:\/\/monda.com\/fr\/#organization\",\"name\":\"Monda\",\"url\":\"https:\/\/monda.com\/fr\/\",\"logo\":{\"@type\":\"ImageObject\",\"inLanguage\":\"fr-FR\",\"@id\":\"https:\/\/monda.com\/fr\/#\/schema\/logo\/image\/\",\"url\":\"https:\/\/monda.com\/wp-content\/uploads\/2020\/09\/LOG-MONDA-FC-def-3-kleuren.png\",\"contentUrl\":\"https:\/\/monda.com\/wp-content\/uploads\/2020\/09\/LOG-MONDA-FC-def-3-kleuren.png\",\"width\":2202,\"height\":500,\"caption\":\"Monda\"},\"image\":{\"@id\":\"https:\/\/monda.com\/fr\/#\/schema\/logo\/image\/\"}}]}<\/script>\n<!-- \/ Yoast SEO plugin. -->","yoast_head_json":{"title":"MONDA \u00e9cran de soudure Green, 200 x 200 cm - Monda","robots":{"index":"index","follow":"follow","max-snippet":"max-snippet:-1","max-image-preview":"max-image-preview:large","max-video-preview":"max-video-preview:-1"},"canonical":"https:\/\/monda.com\/fr\/product\/welding-screen-fr\/monda-ecran-de-soudure-green-200-x-200-cm\/","og_locale":"fr_FR","og_type":"article","og_title":"MONDA \u00e9cran de soudure Green, 200 x 200 cm - Monda","og_description":"\u00c9cran de soudure pour prot\u00e9ger contre les rayonnements \u00e9mis par l\u2019arc de soudure et les \u00e9tincelles. \u25cf Hauteur standard 200cm \u25cf Largeur standard 200cm \u25cf Rideau avec ourlet ouvert sur les largeurs sup\u00e9rieures et inf\u00e9rieures \u25cf Muni d\u2019un rideau tendu \u25cf Hauteur des rideaux 176 cm \u25cf Tube rond 25 x 1 mm","og_url":"https:\/\/monda.com\/fr\/product\/welding-screen-fr\/monda-ecran-de-soudure-green-200-x-200-cm\/","og_site_name":"Monda","article_modified_time":"2021-01-12T10:33:35+00:00","og_image":[{"width":600,"height":450,"url":"https:\/\/monda.com\/wp-content\/uploads\/2020\/09\/Gazelle-Green-6.jpg","type":"image\/jpeg"}],"twitter_card":"summary_large_image","schema":{"@context":"https:\/\/schema.org","@graph":[{"@type":"WebPage","@id":"https:\/\/monda.com\/fr\/product\/welding-screen-fr\/monda-ecran-de-soudure-green-200-x-200-cm\/","url":"https:\/\/monda.com\/fr\/product\/welding-screen-fr\/monda-ecran-de-soudure-green-200-x-200-cm\/","name":"MONDA \u00e9cran de soudure Green, 200 x 200 cm - Monda","isPartOf":{"@id":"https:\/\/monda.com\/fr\/#website"},"primaryImageOfPage":{"@id":"https:\/\/monda.com\/fr\/product\/welding-screen-fr\/monda-ecran-de-soudure-green-200-x-200-cm\/#primaryimage"},"image":{"@id":"https:\/\/monda.com\/fr\/product\/welding-screen-fr\/monda-ecran-de-soudure-green-200-x-200-cm\/#primaryimage"},"thumbnailUrl":"https:\/\/monda.com\/wp-content\/uploads\/2020\/09\/Gazelle-Green-6.jpg","datePublished":"2020-09-29T08:38:01+00:00","dateModified":"2021-01-12T10:33:35+00:00","breadcrumb":{"@id":"https:\/\/monda.com\/fr\/product\/welding-screen-fr\/monda-ecran-de-soudure-green-200-x-200-cm\/#breadcrumb"},"inLanguage":"fr-FR","potentialAction":[{"@type":"ReadAction","target":["https:\/\/monda.com\/fr\/product\/welding-screen-fr\/monda-ecran-de-soudure-green-200-x-200-cm\/"]}]},{"@type":"ImageObject","inLanguage":"fr-FR","@id":"https:\/\/monda.com\/fr\/product\/welding-screen-fr\/monda-ecran-de-soudure-green-200-x-200-cm\/#primaryimage","url":"https:\/\/monda.com\/wp-content\/uploads\/2020\/09\/Gazelle-Green-6.jpg","contentUrl":"https:\/\/monda.com\/wp-content\/uploads\/2020\/09\/Gazelle-Green-6.jpg","width":600,"height":450},{"@type":"BreadcrumbList","@id":"https:\/\/monda.com\/fr\/product\/welding-screen-fr\/monda-ecran-de-soudure-green-200-x-200-cm\/#breadcrumb","itemListElement":[{"@type":"ListItem","position":1,"name":"Home","item":"https:\/\/monda.com\/fr\/"},{"@type":"ListItem","position":2,"name":"Boutique","item":"https:\/\/monda.com\/fr\/"},{"@type":"ListItem","position":3,"name":"MONDA \u00e9cran de soudure Green, 200 x 200 cm"}]},{"@type":"WebSite","@id":"https:\/\/monda.com\/fr\/#website","url":"https:\/\/monda.com\/fr\/","name":"Monda","description":"Welding protection supplies","publisher":{"@id":"https:\/\/monda.com\/fr\/#organization"},"potentialAction":[{"@type":"SearchAction","target":{"@type":"EntryPoint","urlTemplate":"https:\/\/monda.com\/fr\/?s={search_term_string}"},"query-input":{"@type":"PropertyValueSpecification","valueRequired":true,"valueName":"search_term_string"}}],"inLanguage":"fr-FR"},{"@type":"Organization","@id":"https:\/\/monda.com\/fr\/#organization","name":"Monda","url":"https:\/\/monda.com\/fr\/","logo":{"@type":"ImageObject","inLanguage":"fr-FR","@id":"https:\/\/monda.com\/fr\/#\/schema\/logo\/image\/","url":"https:\/\/monda.com\/wp-content\/uploads\/2020\/09\/LOG-MONDA-FC-def-3-kleuren.png","contentUrl":"https:\/\/monda.com\/wp-content\/uploads\/2020\/09\/LOG-MONDA-FC-def-3-kleuren.png","width":2202,"height":500,"caption":"Monda"},"image":{"@id":"https:\/\/monda.com\/fr\/#\/schema\/logo\/image\/"}}]}},"_links":{"self":[{"href":"https:\/\/monda.com\/fr\/wp-json\/wp\/v2\/product\/593","targetHints":{"allow":["GET"]}}],"collection":[{"href":"https:\/\/monda.com\/fr\/wp-json\/wp\/v2\/product"}],"about":[{"href":"https:\/\/monda.com\/fr\/wp-json\/wp\/v2\/types\/product"}],"wp:featuredmedia":[{"embeddable":true,"href":"https:\/\/monda.com\/fr\/wp-json\/wp\/v2\/media\/441"}],"wp:attachment":[{"href":"https:\/\/monda.com\/fr\/wp-json\/wp\/v2\/media?parent=593"}],"wp:term":[{"taxonomy":"product_brand","embeddable":true,"href":"https:\/\/monda.com\/fr\/wp-json\/wp\/v2\/product_brand?post=593"},{"taxonomy":"product_cat","embeddable":true,"href":"https:\/\/monda.com\/fr\/wp-json\/wp\/v2\/product_cat?post=593"},{"taxonomy":"product_tag","embeddable":true,"href":"https:\/\/monda.com\/fr\/wp-json\/wp\/v2\/product_tag?post=593"}],"curies":[{"name":"wp","href":"https:\/\/api.w.org\/{rel}","templated":true}]}}